{"id":7744,"date":"2020-10-20T11:00:25","date_gmt":"2020-10-28T17:25:25","guid":{"rendered":"https:\/\/www.planchers1867.com\/?post_type=product&#038;p=7744"},"modified":"2020-10-28T16:31:41","modified_gmt":"2020-10-28T20:31:41","slug":"nxt-level-flow","status":"publish","type":"product","link":"https:\/\/www.planchers1867.com\/en\/produit\/nxt-level-flow\/","title":{"rendered":"NXT Level Flow"},"content":{"rendered":"","protected":false},"excerpt":{"rendered":"<p>NXT <sup>MD<\/sup> Level Flow est une sous-couche \u00e0 base de ciment \u00e0 d\u00e9bit \u00e9lev\u00e9 qui est facile \u00e1 utiliser, con\u00e7ue pour le nivellement des supports int\u00e9rieurs. NXT <sup>MD<\/sup> Level Flow produit une surface plane, lisse et dure pour faciliter la pose des rev\u00eatements de plancher apr\u00e8s 48 heures.<\/p>\n<p>&nbsp;<\/p>\n<p><img loading=\"lazy\" decoding=\"async\" class=\"alignnone wp-image-5380\" src=\"https:\/\/www.planchers1867.com\/wp-content\/uploads\/2019\/04\/print.jpg\" alt=\"\" width=\"30\" height=\"29\" \/> Product Sheet<\/p>\n<p>&nbsp;<\/p>\n","protected":false},"featured_media":7748,"template":"","meta":{"_et_pb_use_builder":"","_et_pb_old_content":"","_et_gb_content_width":""},"product_brand":[],"product_cat":[553],"product_tag":[],"class_list":{"0":"post-7744","1":"product","2":"type-product","3":"status-publish","4":"has-post-thumbnail","6":"product_cat-ceramic-installation-products","8":"first","9":"instock","10":"taxable","11":"shipping-taxable","12":"product-type-simple"},"yoast_head":"<!-- This site is optimized with the Yoast SEO plugin v27.4 - https:\/\/yoast.com\/product\/yoast-seo-wordpress\/ -->\n<title>NXT Level Flow | Planchers 1867<\/title>\n<meta name=\"robots\" content=\"index, follow, max-snippet:-1, max-image-preview:large, max-video-preview:-1\" \/>\n<link rel=\"canonical\" href=\"https:\/\/www.planchers1867.com\/produit\/nxt-level-flow\/\" \/>\n<meta property=\"og:locale\" content=\"en_US\" \/>\n<meta property=\"og:type\" content=\"article\" \/>\n<meta property=\"og:title\" content=\"NXT Level Flow | Planchers 1867\" \/>\n<meta property=\"og:description\" content=\"NXT MD Level Flow est une sous-couche \u00e0 base de ciment \u00e0 d\u00e9bit \u00e9lev\u00e9 qui est facile \u00e1 utiliser, con\u00e7ue pour le nivellement des supports int\u00e9rieurs. NXT MD Level Flow produit une surface plane, lisse et dure pour faciliter la pose des rev\u00eatements de plancher apr\u00e8s 48 heures.  &nbsp;   Product Sheet  &nbsp;\" \/>\n<meta property=\"og:url\" content=\"https:\/\/www.planchers1867.com\/produit\/nxt-level-flow\/\" \/>\n<meta property=\"og:site_name\" content=\"Planchers 1867\" \/>\n<meta property=\"article:publisher\" content=\"https:\/\/www.facebook.com\/planchers1867\/\" \/>\n<meta property=\"article:modified_time\" content=\"2020-10-28T20:31:41+00:00\" \/>\n<meta property=\"og:image\" content=\"https:\/\/www.planchers1867.com\/wp-content\/uploads\/2020\/10\/NXT-Level-flow-1.jpg\" \/>\n\t<meta property=\"og:image:width\" content=\"450\" \/>\n\t<meta property=\"og:image:height\" content=\"450\" \/>\n\t<meta property=\"og:image:type\" content=\"image\/jpeg\" \/>\n<meta name=\"twitter:card\" content=\"summary_large_image\" \/>\n<script type=\"application\/ld+json\" class=\"yoast-schema-graph\">{\"@context\":\"https:\\\/\\\/schema.org\",\"@graph\":[{\"@type\":\"WebPage\",\"@id\":\"https:\\\/\\\/www.planchers1867.com\\\/produit\\\/nxt-level-flow\\\/\",\"url\":\"https:\\\/\\\/www.planchers1867.com\\\/produit\\\/nxt-level-flow\\\/\",\"name\":\"NXT Level Flow | Planchers 1867\",\"isPartOf\":{\"@id\":\"http:\\\/\\\/www.planchers1867.com\\\/en\\\/#website\"},\"primaryImageOfPage\":{\"@id\":\"https:\\\/\\\/www.planchers1867.com\\\/produit\\\/nxt-level-flow\\\/#primaryimage\"},\"image\":{\"@id\":\"https:\\\/\\\/www.planchers1867.com\\\/produit\\\/nxt-level-flow\\\/#primaryimage\"},\"thumbnailUrl\":\"https:\\\/\\\/www.planchers1867.com\\\/wp-content\\\/uploads\\\/2020\\\/10\\\/NXT-Level-flow-1.jpg\",\"datePublished\":\"2020-10-28T17:25:25+00:00\",\"dateModified\":\"2020-10-28T20:31:41+00:00\",\"breadcrumb\":{\"@id\":\"https:\\\/\\\/www.planchers1867.com\\\/produit\\\/nxt-level-flow\\\/#breadcrumb\"},\"inLanguage\":\"en-CA\",\"potentialAction\":[{\"@type\":\"ReadAction\",\"target\":[\"https:\\\/\\\/www.planchers1867.com\\\/produit\\\/nxt-level-flow\\\/\"]}]},{\"@type\":\"ImageObject\",\"inLanguage\":\"en-CA\",\"@id\":\"https:\\\/\\\/www.planchers1867.com\\\/produit\\\/nxt-level-flow\\\/#primaryimage\",\"url\":\"https:\\\/\\\/www.planchers1867.com\\\/wp-content\\\/uploads\\\/2020\\\/10\\\/NXT-Level-flow-1.jpg\",\"contentUrl\":\"https:\\\/\\\/www.planchers1867.com\\\/wp-content\\\/uploads\\\/2020\\\/10\\\/NXT-Level-flow-1.jpg\",\"width\":450,\"height\":450,\"caption\":\"NXT-Level-flow-1867 ceramic tiles\"},{\"@type\":\"BreadcrumbList\",\"@id\":\"https:\\\/\\\/www.planchers1867.com\\\/produit\\\/nxt-level-flow\\\/#breadcrumb\",\"itemListElement\":[{\"@type\":\"ListItem\",\"position\":1,\"name\":\"Accueil\",\"item\":\"http:\\\/\\\/www.planchers1867.com\\\/en\\\/\"},{\"@type\":\"ListItem\",\"position\":2,\"name\":\"floors\",\"item\":\"http:\\\/\\\/www.planchers1867.com\\\/en\\\/floors\\\/\"},{\"@type\":\"ListItem\",\"position\":3,\"name\":\"NXT Level Flow\"}]},{\"@type\":\"WebSite\",\"@id\":\"http:\\\/\\\/www.planchers1867.com\\\/en\\\/#website\",\"url\":\"http:\\\/\\\/www.planchers1867.com\\\/en\\\/\",\"name\":\"Planchers 1867\",\"description\":\"Depuis plus de 65 ans\",\"publisher\":{\"@id\":\"http:\\\/\\\/www.planchers1867.com\\\/en\\\/#organization\"},\"potentialAction\":[{\"@type\":\"SearchAction\",\"target\":{\"@type\":\"EntryPoint\",\"urlTemplate\":\"http:\\\/\\\/www.planchers1867.com\\\/en\\\/?s={search_term_string}\"},\"query-input\":{\"@type\":\"PropertyValueSpecification\",\"valueRequired\":true,\"valueName\":\"search_term_string\"}}],\"inLanguage\":\"en-CA\"},{\"@type\":\"Organization\",\"@id\":\"http:\\\/\\\/www.planchers1867.com\\\/en\\\/#organization\",\"name\":\"Planchers 1687\",\"url\":\"http:\\\/\\\/www.planchers1867.com\\\/en\\\/\",\"logo\":{\"@type\":\"ImageObject\",\"inLanguage\":\"en-CA\",\"@id\":\"http:\\\/\\\/www.planchers1867.com\\\/en\\\/#\\\/schema\\\/logo\\\/image\\\/\",\"url\":\"https:\\\/\\\/www.planchers1867.com\\\/wp-content\\\/uploads\\\/2023\\\/04\\\/cropped-Logo-1867-icone-1.png\",\"contentUrl\":\"https:\\\/\\\/www.planchers1867.com\\\/wp-content\\\/uploads\\\/2023\\\/04\\\/cropped-Logo-1867-icone-1.png\",\"width\":512,\"height\":512,\"caption\":\"Planchers 1687\"},\"image\":{\"@id\":\"http:\\\/\\\/www.planchers1867.com\\\/en\\\/#\\\/schema\\\/logo\\\/image\\\/\"},\"sameAs\":[\"https:\\\/\\\/www.facebook.com\\\/planchers1867\\\/\",\"https:\\\/\\\/www.pinterest.ca\\\/1867floors\\\/\",\"https:\\\/\\\/www.instagram.com\\\/1867floors_planchers1867\\\/\",\"https:\\\/\\\/www.linkedin.com\\\/company\\\/planchers-1867-1867-floors\\\/\"]}]}<\/script>\n<!-- \/ Yoast SEO plugin. -->","yoast_head_json":{"title":"NXT Level Flow | Planchers 1867","robots":{"index":"index","follow":"follow","max-snippet":"max-snippet:-1","max-image-preview":"max-image-preview:large","max-video-preview":"max-video-preview:-1"},"canonical":"https:\/\/www.planchers1867.com\/produit\/nxt-level-flow\/","og_locale":"en_US","og_type":"article","og_title":"NXT Level Flow | Planchers 1867","og_description":"NXT MD Level Flow est une sous-couche \u00e0 base de ciment \u00e0 d\u00e9bit \u00e9lev\u00e9 qui est facile \u00e1 utiliser, con\u00e7ue pour le nivellement des supports int\u00e9rieurs. NXT MD Level Flow produit une surface plane, lisse et dure pour faciliter la pose des rev\u00eatements de plancher apr\u00e8s 48 heures.  &nbsp;   Product Sheet  &nbsp;","og_url":"https:\/\/www.planchers1867.com\/produit\/nxt-level-flow\/","og_site_name":"Planchers 1867","article_publisher":"https:\/\/www.facebook.com\/planchers1867\/","article_modified_time":"2020-10-28T20:31:41+00:00","og_image":[{"width":450,"height":450,"url":"https:\/\/www.planchers1867.com\/wp-content\/uploads\/2020\/10\/NXT-Level-flow-1.jpg","type":"image\/jpeg"}],"twitter_card":"summary_large_image","schema":{"@context":"https:\/\/schema.org","@graph":[{"@type":"WebPage","@id":"https:\/\/www.planchers1867.com\/produit\/nxt-level-flow\/","url":"https:\/\/www.planchers1867.com\/produit\/nxt-level-flow\/","name":"NXT Level Flow | Planchers 1867","isPartOf":{"@id":"https:\/\/www.planchers1867.com\/en\/#website"},"primaryImageOfPage":{"@id":"https:\/\/www.planchers1867.com\/produit\/nxt-level-flow\/#primaryimage"},"image":{"@id":"https:\/\/www.planchers1867.com\/produit\/nxt-level-flow\/#primaryimage"},"thumbnailUrl":"https:\/\/www.planchers1867.com\/wp-content\/uploads\/2020\/10\/NXT-Level-flow-1.jpg","datePublished":"2020-10-28T17:25:25+00:00","dateModified":"2020-10-28T20:31:41+00:00","breadcrumb":{"@id":"https:\/\/www.planchers1867.com\/produit\/nxt-level-flow\/#breadcrumb"},"inLanguage":"en-CA","potentialAction":[{"@type":"ReadAction","target":["https:\/\/www.planchers1867.com\/produit\/nxt-level-flow\/"]}]},{"@type":"ImageObject","inLanguage":"en-CA","@id":"https:\/\/www.planchers1867.com\/produit\/nxt-level-flow\/#primaryimage","url":"https:\/\/www.planchers1867.com\/wp-content\/uploads\/2020\/10\/NXT-Level-flow-1.jpg","contentUrl":"https:\/\/www.planchers1867.com\/wp-content\/uploads\/2020\/10\/NXT-Level-flow-1.jpg","width":450,"height":450,"caption":"NXT-Level-flow-1867 ceramic tiles"},{"@type":"BreadcrumbList","@id":"https:\/\/www.planchers1867.com\/produit\/nxt-level-flow\/#breadcrumb","itemListElement":[{"@type":"ListItem","position":1,"name":"Accueil","item":"https:\/\/www.planchers1867.com\/en\/"},{"@type":"ListItem","position":2,"name":"floors","item":"https:\/\/www.planchers1867.com\/en\/floors\/"},{"@type":"ListItem","position":3,"name":"NXT Level Flow"}]},{"@type":"WebSite","@id":"https:\/\/www.planchers1867.com\/en\/#website","url":"https:\/\/www.planchers1867.com\/en\/","name":"Planchers 1867","description":"Depuis plus de 65 ans","publisher":{"@id":"https:\/\/www.planchers1867.com\/en\/#organization"},"potentialAction":[{"@type":"SearchAction","target":{"@type":"EntryPoint","urlTemplate":"https:\/\/www.planchers1867.com\/en\/?s={search_term_string}"},"query-input":{"@type":"PropertyValueSpecification","valueRequired":true,"valueName":"search_term_string"}}],"inLanguage":"en-CA"},{"@type":"Organization","@id":"https:\/\/www.planchers1867.com\/en\/#organization","name":"Planchers 1687","url":"https:\/\/www.planchers1867.com\/en\/","logo":{"@type":"ImageObject","inLanguage":"en-CA","@id":"https:\/\/www.planchers1867.com\/en\/#\/schema\/logo\/image\/","url":"https:\/\/www.planchers1867.com\/wp-content\/uploads\/2023\/04\/cropped-Logo-1867-icone-1.png","contentUrl":"https:\/\/www.planchers1867.com\/wp-content\/uploads\/2023\/04\/cropped-Logo-1867-icone-1.png","width":512,"height":512,"caption":"Planchers 1687"},"image":{"@id":"https:\/\/www.planchers1867.com\/en\/#\/schema\/logo\/image\/"},"sameAs":["https:\/\/www.facebook.com\/planchers1867\/","https:\/\/www.pinterest.ca\/1867floors\/","https:\/\/www.instagram.com\/1867floors_planchers1867\/","https:\/\/www.linkedin.com\/company\/planchers-1867-1867-floors\/"]}]}},"_links":{"self":[{"href":"https:\/\/www.planchers1867.com\/en\/wp-json\/wp\/v2\/product\/7744","targetHints":{"allow":["GET"]}}],"collection":[{"href":"https:\/\/www.planchers1867.com\/en\/wp-json\/wp\/v2\/product"}],"about":[{"href":"https:\/\/www.planchers1867.com\/en\/wp-json\/wp\/v2\/types\/product"}],"wp:featuredmedia":[{"embeddable":true,"href":"https:\/\/www.planchers1867.com\/en\/wp-json\/wp\/v2\/media\/7748"}],"wp:attachment":[{"href":"https:\/\/www.planchers1867.com\/en\/wp-json\/wp\/v2\/media?parent=7744"}],"wp:term":[{"taxonomy":"product_brand","embeddable":true,"href":"https:\/\/www.planchers1867.com\/en\/wp-json\/wp\/v2\/product_brand?post=7744"},{"taxonomy":"product_cat","embeddable":true,"href":"https:\/\/www.planchers1867.com\/en\/wp-json\/wp\/v2\/product_cat?post=7744"},{"taxonomy":"product_tag","embeddable":true,"href":"https:\/\/www.planchers1867.com\/en\/wp-json\/wp\/v2\/product_tag?post=7744"}],"curies":[{"name":"wp","href":"https:\/\/api.w.org\/{rel}","templated":true}]}}